{"id":17877,"date":"2025-02-28T17:45:38","date_gmt":"2025-02-28T16:45:38","guid":{"rendered":"https:\/\/www.caveau-auxey.fr\/?post_type=product&#038;p=17877"},"modified":"2026-04-29T23:42:37","modified_gmt":"2026-04-29T21:42:37","slug":"corton-grand-cru-hautes-mourottes-domaine-dardhuy","status":"publish","type":"product","link":"https:\/\/www.caveau-auxey.fr\/en\/product\/corton-grand-cru-hautes-mourottes-domaine-dardhuy\/","title":{"rendered":"Corton Grand Cru &#8220;Hautes Mourottes&#8221;\tDomaine d&#8217;Ardhuy"},"content":{"rendered":"<p><strong><em>C\u00e9page :<\/em><\/strong> Pinot Noir<\/p>\n<p><strong><em>Style : <\/em><\/strong>Notes de fruits confitur\u00e9s associ\u00e9es aux notes subtiles et classieuses de l&#8217;\u00e9levage. Tanins soyeux et poivr\u00e9s pour une finale en bouche rac\u00e9e.<\/p>\n<p><strong><em>Une id\u00e9e d\u2019accord : <\/em><\/strong>Viandes rouges r\u00f4ties, chapon, dinde, gibiers en sauce, civets, salmis, daubes&#8230;Fromages types: Ami du Chambertin, Epoisses, Boursault, vieille Mimolette.<\/p>\n<p>Un excellent Corton Grand Cru<\/p>\n","protected":false},"excerpt":{"rendered":"<p>Puissance et \u00e9pices.<\/p>\n","protected":false},"featured_media":17878,"template":"","meta":{"_seopress_robots_primary_cat":"none","_seopress_titles_title":"","_seopress_titles_desc":"","_seopress_robots_index":""},"product_brand":[],"product_cat":[418,162,337,455,452,349,552,341,409,480,347,334,447],"product_tag":[439,437,486,459],"class_list":{"0":"post-17877","1":"product","2":"type-product","3":"status-publish","4":"has-post-thumbnail","6":"product_cat-418","7":"product_cat-bons_plans","8":"product_cat-bourgogne","9":"product_cat-classification","10":"product_cat-cotedebeaune","11":"product_cat-couleur","12":"product_cat-fetes","13":"product_cat-grand-cru","14":"product_cat-millesime","15":"product_cat-pepites","16":"product_cat-regions","17":"product_cat-rouges","18":"product_cat-vins-tranquilles","19":"product_tag-cest-noel","20":"product_tag-diner-en-famille","21":"product_tag-fromages","22":"product_tag-viande-en-sauce","24":"first","25":"instock","26":"taxable","27":"shipping-taxable","28":"purchasable","29":"product-type-simple"},"_links":{"self":[{"href":"https:\/\/www.caveau-auxey.fr\/en\/wp-json\/wp\/v2\/product\/17877","targetHints":{"allow":["GET"]}}],"collection":[{"href":"https:\/\/www.caveau-auxey.fr\/en\/wp-json\/wp\/v2\/product"}],"about":[{"href":"https:\/\/www.caveau-auxey.fr\/en\/wp-json\/wp\/v2\/types\/product"}],"version-history":[{"count":0,"href":"https:\/\/www.caveau-auxey.fr\/en\/wp-json\/wp\/v2\/product\/17877\/revisions"}],"wp:featuredmedia":[{"embeddable":true,"href":"https:\/\/www.caveau-auxey.fr\/en\/wp-json\/wp\/v2\/media\/17878"}],"wp:attachment":[{"href":"https:\/\/www.caveau-auxey.fr\/en\/wp-json\/wp\/v2\/media?parent=17877"}],"wp:term":[{"taxonomy":"product_brand","embeddable":true,"href":"https:\/\/www.caveau-auxey.fr\/en\/wp-json\/wp\/v2\/product_brand?post=17877"},{"taxonomy":"product_cat","embeddable":true,"href":"https:\/\/www.caveau-auxey.fr\/en\/wp-json\/wp\/v2\/product_cat?post=17877"},{"taxonomy":"product_tag","embeddable":true,"href":"https:\/\/www.caveau-auxey.fr\/en\/wp-json\/wp\/v2\/product_tag?post=17877"}],"curies":[{"name":"wp","href":"https:\/\/api.w.org\/{rel}","templated":true}]}}