{"id":14497,"date":"2025-09-12T17:30:17","date_gmt":"2025-09-12T15:30:17","guid":{"rendered":"https:\/\/www.caveau-auxey.fr\/?post_type=product&#038;p=14497"},"modified":"2026-03-13T17:42:35","modified_gmt":"2026-03-13T16:42:35","slug":"macon-happynaisse-domaine-brenot-beranger","status":"publish","type":"product","link":"https:\/\/www.caveau-auxey.fr\/en\/product\/macon-happynaisse-domaine-brenot-beranger\/","title":{"rendered":"M\u00e2con &#8220;Happy&#8217;Naisse&#8221; &#8211; Domaine BRENOT BERANGER"},"content":{"rendered":"<p><strong><em>C\u00e9page :<\/em><\/strong> Chardonnay<\/p>\n<p><strong><em>Style : <\/em><\/strong>Bouquet fleuri (fleurs blanches et fleurs de printemps). Rond en bouche.<\/p>\n<p><strong><em>Une id\u00e9e d\u2019accord : <\/em><\/strong>A l&#8217;ap\u00e9ritif et les entr\u00e9es fra\u00eeches type salades compos\u00e9es et terrines de poissons.<\/p>\n<p>Un parfait repr\u00e9sentant des vins de M\u00e2con.<\/p>\n<p>&nbsp;<\/p>\n","protected":false},"excerpt":{"rendered":"<p>Vin frais et fruit\u00e9 aux ar\u00f4mes de citron et poire.<\/p>\n","protected":false},"featured_media":16208,"template":"","meta":{"_seopress_robots_primary_cat":"none","_seopress_titles_title":"","_seopress_titles_desc":"","_seopress_robots_index":""},"product_brand":[],"product_cat":[411,335,454,16,338,488],"product_tag":[],"class_list":{"0":"post-14497","1":"product","2":"type-product","3":"status-publish","4":"has-post-thumbnail","6":"product_cat-411","7":"product_cat-blancs","8":"product_cat-maconnais","9":"product_cat-non-classe","10":"product_cat-regional","11":"product_cat-barbecue","13":"first","14":"instock","15":"taxable","16":"shipping-taxable","17":"purchasable","18":"product-type-simple"},"_links":{"self":[{"href":"https:\/\/www.caveau-auxey.fr\/en\/wp-json\/wp\/v2\/product\/14497","targetHints":{"allow":["GET"]}}],"collection":[{"href":"https:\/\/www.caveau-auxey.fr\/en\/wp-json\/wp\/v2\/product"}],"about":[{"href":"https:\/\/www.caveau-auxey.fr\/en\/wp-json\/wp\/v2\/types\/product"}],"version-history":[{"count":0,"href":"https:\/\/www.caveau-auxey.fr\/en\/wp-json\/wp\/v2\/product\/14497\/revisions"}],"wp:featuredmedia":[{"embeddable":true,"href":"https:\/\/www.caveau-auxey.fr\/en\/wp-json\/wp\/v2\/media\/16208"}],"wp:attachment":[{"href":"https:\/\/www.caveau-auxey.fr\/en\/wp-json\/wp\/v2\/media?parent=14497"}],"wp:term":[{"taxonomy":"product_brand","embeddable":true,"href":"https:\/\/www.caveau-auxey.fr\/en\/wp-json\/wp\/v2\/product_brand?post=14497"},{"taxonomy":"product_cat","embeddable":true,"href":"https:\/\/www.caveau-auxey.fr\/en\/wp-json\/wp\/v2\/product_cat?post=14497"},{"taxonomy":"product_tag","embeddable":true,"href":"https:\/\/www.caveau-auxey.fr\/en\/wp-json\/wp\/v2\/product_tag?post=14497"}],"curies":[{"name":"wp","href":"https:\/\/api.w.org\/{rel}","templated":true}]}}