{"id":18889,"date":"2025-07-08T12:07:47","date_gmt":"2025-07-08T10:07:47","guid":{"rendered":"https:\/\/www.caveau-auxey.fr\/?page_id=18889"},"modified":"2025-07-08T12:17:59","modified_gmt":"2025-07-08T10:17:59","slug":"sitemap","status":"publish","type":"page","link":"https:\/\/www.caveau-auxey.fr\/en\/sitemap\/","title":{"rendered":"Sitemap"},"content":{"rendered":"\t\t<div data-elementor-type=\"wp-page\" data-elementor-id=\"18889\" class=\"elementor elementor-18889 elementor-18878\" data-elementor-post-type=\"page\">\n\t\t\t\t<div class=\"elementor-element elementor-element-f1cab66 e-flex e-con-boxed e-con e-parent\" data-id=\"f1cab66\" data-element_type=\"container\" data-e-type=\"container\">\n\t\t\t\t\t<div class=\"e-con-inner\">\n\t\t\t\t<div class=\"elementor-element elementor-element-c939695 elementor-widget elementor-widget-shortcode\" data-id=\"c939695\" data-element_type=\"widget\" data-e-type=\"widget\" data-widget_type=\"shortcode.default\">\n\t\t\t\t\t\t\t<div class=\"elementor-shortcode\"><div class=\"wsp-container\"><\/div>\n<div class=\"wsp-container\"><h2 class=\"wsp-pages-title\">Pages<\/h2>\n<ul class=\"wsp-pages-list\">\n<li class=\"page_item page-item-10995\"><a href=\"https:\/\/www.caveau-auxey.fr\/en\/wineshop\/\">Shop<\/a><\/li>\n<li class=\"page_item page-item-18889\"><a href=\"https:\/\/www.caveau-auxey.fr\/en\/sitemap\/\">Sitemap<\/a><\/li>\n<li class=\"page_item page-item-12722\"><a href=\"https:\/\/www.caveau-auxey.fr\/en\/export\/\">Export<\/a><\/li>\n<li class=\"page_item page-item-11001\"><a href=\"https:\/\/www.caveau-auxey.fr\/en\/\">Home<\/a><\/li>\n<li class=\"page_item page-item-11012\"><a href=\"https:\/\/www.caveau-auxey.fr\/en\/contact\/\">Contact<\/a><\/li>\n<li class=\"page_item page-item-11005\"><a href=\"https:\/\/www.caveau-auxey.fr\/en\/le-caveau\/\">The Caveau<\/a><\/li>\n<li class=\"page_item page-item-11020\"><a href=\"https:\/\/www.caveau-auxey.fr\/en\/legal-notices\/\">Legal notices<\/a><\/li>\n<li class=\"page_item page-item-10998\"><a href=\"https:\/\/www.caveau-auxey.fr\/en\/my-account\/\">My Account<\/a><\/li>\n<li class=\"page_item page-item-11018\"><a href=\"https:\/\/www.caveau-auxey.fr\/en\/porter-creek-burg-connexion\/\">Porter Creek&#8217;s Burgundy&#8217;s connexion<\/a><\/li>\n<li class=\"page_item page-item-11838\"><a href=\"https:\/\/www.caveau-auxey.fr\/en\/burgs-for-usa\/\">Export offers<\/a><\/li>\n<li class=\"page_item page-item-10996\"><a href=\"https:\/\/www.caveau-auxey.fr\/en\/cart\/\">Cart<\/a><\/li>\n<li class=\"page_item page-item-11056\"><a href=\"https:\/\/www.caveau-auxey.fr\/en\/order-summary\/\">Order Summary<\/a><\/li>\n<li class=\"page_item page-item-11014\"><a href=\"https:\/\/www.caveau-auxey.fr\/en\/terms-of-sales\/\">Terms of Sales<\/a><\/li>\n<li class=\"page_item page-item-11277\"><a href=\"https:\/\/www.caveau-auxey.fr\/en\/checkout\/\">Checkout<\/a><\/li>\n<li class=\"page_item page-item-11007\"><a href=\"https:\/\/www.caveau-auxey.fr\/en\/visits-tastings\/\">Visits &amp; Tastings<\/a><\/li>\n<\/ul>\n<\/div>\n<div class=\"wsp-container\"><\/div>\n<div class=\"wsp-container\"><h2 class=\"wsp-products-title\">Products<\/h2>\n<ul class=\"wsp-products-list\">\n<li><a href=\"https:\/\/www.caveau-auxey.fr\/product\/ros-escapade-igp-mediterranee-vignoble-du-roy-rene-canette\/\">Ros'escapade Ros\u00e9 IGP M\u00e9diterran\u00e9e Vignoble du Roy Ren\u00e9<\/a><\/li>\n<li><a href=\"https:\/\/www.caveau-auxey.fr\/product\/florie-rose-igp-mediterranee-vignoble-du-roy-rene\/\">Florie Ros\u00e9 IGP M\u00e9diterran\u00e9e Vignoble du Roy Ren\u00e9<\/a><\/li>\n<li><a href=\"https:\/\/www.caveau-auxey.fr\/product\/rose-cotes-de-provence-eau-de-source-fondugues-pradugues\/\">Ros\u00e9 C\u00f4tes de Provence \"Eau de Source\" Fondugues-Pradugues<\/a><\/li>\n<li><a href=\"https:\/\/www.caveau-auxey.fr\/en\/product\/champagne-brut-reserve-florence-duchene-domaine-copie\/\">Champagne Brut R\u00e9serve Florence Duch\u00eane<\/a><\/li>\n<li><a href=\"https:\/\/www.caveau-auxey.fr\/product\/bourgogne-passetoutgrain-domaine-georges-lignier\/\">Bourgogne Passetoutgrain Domaine Georges Lignier<\/a><\/li>\n<li><a href=\"https:\/\/www.caveau-auxey.fr\/product\/bourgogne-chardonnay-domaine-de-la-perriere\/\">Bourgogne Chardonnay Domaine de la Perri\u00e8re<\/a><\/li>\n<li><a href=\"https:\/\/www.caveau-auxey.fr\/en\/product\/macon-happynaisse-domaine-brenot-beranger\/\">M\u00e2con \"Happy'Naisse\" - Domaine BRENOT BERANGER<\/a><\/li>\n<li><a href=\"https:\/\/www.caveau-auxey.fr\/en\/product\/bourgogne-aligote-auguste-maurice\/\">Bourgogne Aligot\u00e9 Auguste &amp; Maurice<\/a><\/li>\n<li><a href=\"https:\/\/www.caveau-auxey.fr\/en\/product\/petit-chablis-domaine-de-la-perriere\/\">Petit Chablis Domaine de la Perri\u00e8re<\/a><\/li>\n<li><a href=\"https:\/\/www.caveau-auxey.fr\/product\/bourgogne-cote-dor-domaine-pansiot\/\">Bourgogne Cote d'or Domaine Pansiot<\/a><\/li>\n<li><a href=\"https:\/\/www.caveau-auxey.fr\/en\/product\/chablis-domaine-de-la-perriere\/\">Chablis Domaine de la Perri\u00e8re<\/a><\/li>\n<li><a href=\"https:\/\/www.caveau-auxey.fr\/en\/product\/cremant-de-bourgogne-brut-reserve-domaine-deliance-copie\/\">Cr\u00e9mant de Bourgogne \"Brut R\u00e9serve\" Domaine Deliance<\/a><\/li>\n<li><a href=\"https:\/\/www.caveau-auxey.fr\/en\/product\/pouilly-fuisse-2021-domaine-de-la-denante-copie\/\">Macon Davay\u00e9 Domaine de la Denante<\/a><\/li>\n<li><a href=\"https:\/\/www.caveau-auxey.fr\/en\/product\/vire-clesse-domaine-naisse-brenot-beranger\/\">Vir\u00e9 Cless\u00e9 Domaine de Naisse - Famille Brenot B\u00e9ranger<\/a><\/li>\n<li><a href=\"https:\/\/www.caveau-auxey.fr\/en\/product\/bourgogne-hautes-cotes-de-beaune-domaine-pansiot\/\">Bourgogne Hautes C\u00f4tes de Beaune Domaine Pansiot<\/a><\/li>\n<li><a href=\"https:\/\/www.caveau-auxey.fr\/en\/product\/crozes-hermitage-cuvee-ghany-domaine-gaylord-machon\/\">Crozes Hermitage \"Cuv\u00e9e Ghany\"  Domaine Gaylord Machon<\/a><\/li>\n<li><a href=\"https:\/\/www.caveau-auxey.fr\/en\/product\/saint-veran-trilogie-domaine-sangouard-guyot\/\">Saint V\u00e9ran \"Trilogie\" Domaine Sangouard-Guyot<\/a><\/li>\n<li><a href=\"https:\/\/www.caveau-auxey.fr\/product\/saint-romain-domaine-pierre-taupenot\/\">Saint Romain Domaine Pierre Taupenot<\/a><\/li>\n<li><a href=\"https:\/\/www.caveau-auxey.fr\/en\/product\/auxey-duresses-2022-domaine-de-la-roche-aigue-copie\/\">Auxey Duresses rouge Domaine de la Roche Aigue<\/a><\/li>\n<li><a href=\"https:\/\/www.caveau-auxey.fr\/en\/product\/auxey-duresses-terres-folles-domaine-diconne\/\">Auxey-Duresses \"Terres Folles\" Domaine Diconne<\/a><\/li>\n<li><a href=\"https:\/\/www.caveau-auxey.fr\/en\/product\/auxey-duresses-creux-tillet-domaine-roy\/\">Auxey-Duresses \"Creux Tillet\" Domaine Roy<\/a><\/li>\n<li><a href=\"https:\/\/www.caveau-auxey.fr\/en\/product\/rose-eau-de-source-2023-domaine-fondugues-pradugues\/\">Ros\u00e9 \"Eau de source\" Domaine Fondugues Pradugues<\/a><\/li>\n<li><a href=\"https:\/\/www.caveau-auxey.fr\/product\/pernand-vergelesses-les-boutieres-selection-auguste-et-maurice\/\">Pernand Vergelesses \"Les Bouti\u00e8res\" S\u00e9lection Auguste et Maurice<\/a><\/li>\n<li><a href=\"https:\/\/www.caveau-auxey.fr\/product\/bourgogne-aligote-ami\/\">Bourgogne Aligot\u00e9 AMI<\/a><\/li>\n<li><a href=\"https:\/\/www.caveau-auxey.fr\/en\/product\/montagny-1er-cru-vieilles-vignes-domaine-berthenet\/\">Montagny 1er Cru Vieilles Vignes Domaine Berthenet<\/a><\/li>\n<li><a href=\"https:\/\/www.caveau-auxey.fr\/en\/product\/auxey-duresses-largillas-2020-domaine-prunier-damy\/\">Auxey Duresses \"Largillas\" 2020 - Domaine Prunier Damy<\/a><\/li>\n<li><a href=\"https:\/\/www.caveau-auxey.fr\/en\/product\/auxey-duresses-domaine-de-la-roche-aigue-copie\/\">Auxey Duresses Blanc Domaine de la Roche Aigue<\/a><\/li>\n<li><a href=\"https:\/\/www.caveau-auxey.fr\/en\/product\/vire-clesse-quintaine-2021-domaine-guillemot-michel\/\">Vir\u00e9 Cless\u00e9 \"Quintaine\"- Domaine Guillemot-Michel<\/a><\/li>\n<li><a href=\"https:\/\/www.caveau-auxey.fr\/product\/auxey-duresses-domaine-michel-prunier-et-fille\/\">Auxey-Duresses Domaine Michel Prunier et Fille<\/a><\/li>\n<li><a href=\"https:\/\/www.caveau-auxey.fr\/en\/product\/auxey-duresses-1er-cru-les-bretterins-domaine-diconne-copie\/\">Auxey Duresses 1er Cru \"Les Bretterins\" Domaine Diconne<\/a><\/li>\n<li><a href=\"https:\/\/www.caveau-auxey.fr\/en\/product\/les-trois-schistes-domaine-montgilet-coteau-de-laubance-2022\/\">Coteaux de l'Aubance \"Trois Schistes\"2022 75cls Domaine de Montgilet<\/a><\/li>\n<li><a href=\"https:\/\/www.caveau-auxey.fr\/product\/maranges-1er-cru-le-clos-des-loyeres-domaine-grachet-duchemin\/\">Maranges 1er Cru \"Le Clos des Loy\u00e8res\" Domaine Grachet Duchemin<\/a><\/li>\n<li><a href=\"https:\/\/www.caveau-auxey.fr\/en\/product\/mondeuse-noire-domaine-jeremy-bricka\/\">Mondeuse Noire Domaine Jeremy Bricka<\/a><\/li>\n<li><a href=\"https:\/\/www.caveau-auxey.fr\/en\/product\/saint-romain-sous-le-chateau-domaine-prunier-damy\/\">Saint Romain \"Sous le Chateau\" - Domaine Prunier Damy<\/a><\/li>\n<li><a href=\"https:\/\/www.caveau-auxey.fr\/product\/irancy-les-cailles-domaine-gabin-et-felix-richoux\/\">Irancy \"Les Cailles\" Domaine Gabin et F\u00e9lix Richoux<\/a><\/li>\n<li><a href=\"https:\/\/www.caveau-auxey.fr\/en\/product\/auxey-duresses-1er-cru-en-reugne-2017-domaine-pierre-taupenot\/\">Auxey Duresses 1er Cru \"En Reugne\" Domaine Pierre Taupenot<\/a><\/li>\n<li><a href=\"https:\/\/www.caveau-auxey.fr\/en\/product\/cotes-de-nuits-villages-au-leurey-domaine-jean-charles-rion-copie\/\">C\u00f4tes de Nuits Villages \"Au Leurey\" Domaine Jean Charles Rion<\/a><\/li>\n<li><a href=\"https:\/\/www.caveau-auxey.fr\/en\/product\/givry-1er-cru-clos-charle-domaine-deliance\/\">Givry 1er Cru \"Clos Charl\u00e9\" Domaine Deliance<\/a><\/li>\n<li><a href=\"https:\/\/www.caveau-auxey.fr\/product\/santenay-1er-cru-la-comme-domaine-piguet-girardin\/\">Santenay 1er Cru \"La Comme\" Domaine Piguet-Girardin<\/a><\/li>\n<li><a href=\"https:\/\/www.caveau-auxey.fr\/product\/monthelie-domaine-potinet-ampeau\/\">Monthelie Domaine Potinet Ampeau<\/a><\/li>\n<li><a href=\"https:\/\/www.caveau-auxey.fr\/en\/product\/saint-romain-domaine-germain\/\">Saint Romain Domaine Germain<\/a><\/li>\n<li><a href=\"https:\/\/www.caveau-auxey.fr\/en\/product\/chablis-1er-cru-butteaux-2020-domaine-louis-michel\/\">Chablis 1er Cru \"Butteaux\" Domaine Louis Michel<\/a><\/li>\n<li><a href=\"https:\/\/www.caveau-auxey.fr\/product\/corton-le-rognet-grand-cru-domaine-michel-mallard-copie\/\">Ladoix \"Les Buis\" Domaine Michel Mallard<\/a><\/li>\n<li><a href=\"https:\/\/www.caveau-auxey.fr\/en\/product\/pouilly-loche-en-chantone-domaine-du-clos-des-rocs\/\">Pouilly Loch\u00e9 \"En Chantone\" Domaine du Clos des Rocs<\/a><\/li>\n<li><a href=\"https:\/\/www.caveau-auxey.fr\/en\/product\/mercurey-1er-cru-en-sazenay-domaine-pillot\/\">Mercurey 1er Cru \"En sazenay\" Domaine Pillot<\/a><\/li>\n<li><a href=\"https:\/\/www.caveau-auxey.fr\/product\/montagny-1er-cru-les-cloux-aline-beaune\/\">Montagny 1er Cru \"Les Cloux\" Aline Beaun\u00e9<\/a><\/li>\n<li><a href=\"https:\/\/www.caveau-auxey.fr\/en\/product\/monthelie-1er-cru-les-duresses-domaine-prunier-damy\/\">Monthelie 1er Cru \"Les Duresses\"  Domaine Prunier Damy<\/a><\/li>\n<li><a href=\"https:\/\/www.caveau-auxey.fr\/product\/givry-1er-cru-clos-saint-pierre-domaine-thenard\/\">Givry 1er Cru \"Clos Saint Pierre\" Monopole 2022 Domaine Th\u00e9nard<\/a><\/li>\n<li><a href=\"https:\/\/www.caveau-auxey.fr\/en\/product\/cornas-champelrose-domaine-courbis\/\">Cornas \"Champelrose\" Domaine Courbis<\/a><\/li>\n<li><a href=\"https:\/\/www.caveau-auxey.fr\/en\/product\/auxey-duressses-1er-cru-climat-du-val-domaine-roy\/\">Auxey Duressses 1er Cru \"Climat du Val\" Domaine Roy<\/a><\/li>\n<li><a href=\"https:\/\/www.caveau-auxey.fr\/en\/product\/auxey-duresses-1er-cru-les-duresses-domaine-bouzereau-copie\/\">Auxey Duresses 1er Cru \"Les Duresses\" Domaine Philippe Bouzereau<\/a><\/li>\n<li><a href=\"https:\/\/www.caveau-auxey.fr\/en\/product\/pommard-trois-follots-domaine-prunier-damy\/\">Pommard \"Trois Follots\" Domaine Prunier Damy<\/a><\/li>\n<li><a href=\"https:\/\/www.caveau-auxey.fr\/en\/product\/savigny-1er-cru-les-vergelesses-domaine-des-terres-de-velle\/\">Savigny les Beaune 1er Cru \"Aux Vergelesses\" Domaine des Terres de Velle<\/a><\/li>\n<li><a href=\"https:\/\/www.caveau-auxey.fr\/en\/product\/bourgogne-passetotugrain-domaine-georges-lignier-copie\/\">Bourgogne Passetoutgrain Domaine Georges Lignier<\/a><\/li>\n<li><a href=\"https:\/\/www.caveau-auxey.fr\/en\/product\/volnay-domaine-jean-yves-devevey\/\">Volnay Domaine Jean Yves Devevey<\/a><\/li>\n<li><a href=\"https:\/\/www.caveau-auxey.fr\/product\/gevrey-chambertin-la-justice-domaine-gerard-seguin\/\">Gevrey Chambertin \"La Justice\" Domaine G\u00e9rard Seguin<\/a><\/li>\n<li><a href=\"https:\/\/www.caveau-auxey.fr\/product\/meursault-les-grands-charrons-domaine-philippe-bouzereau\/\">Meursault \"Les Grands Charrons\" Domaine Philippe Bouzereau<\/a><\/li>\n<li><a href=\"https:\/\/www.caveau-auxey.fr\/product\/nuits-saint-georges-les-brulees-domaine-philippe-cordonnier\/\">Nuits Saint Georges \"Les Br\u00fbl\u00e9es\" Domaine Philippe Cordonnier<\/a><\/li>\n<li><a href=\"https:\/\/www.caveau-auxey.fr\/en\/product\/volnay-1er-cru-le-ronceret-domaine-des-terres-de-velle\/\">Volnay 1er Cru \"Le Ronceret\" Domaine des Terres de Velle<\/a><\/li>\n<li><a href=\"https:\/\/www.caveau-auxey.fr\/en\/product\/ladoix-1er-cru-les-grechons-domaine-michel-mallard-fils\/\">Ladoix 1er Cru \"Les Gr\u00e9chons\" Domaine Michel Mallard &amp; Fils<\/a><\/li>\n<li><a href=\"https:\/\/www.caveau-auxey.fr\/product\/meursault-les-corbins-domaine-bitouzet-prieur\/\">Meursault \"Les Corbins\" Domaine Bitouzet Prieur<\/a><\/li>\n<li><a href=\"https:\/\/www.caveau-auxey.fr\/en\/product\/gevrey-chambertin-au-velle-domaine-marchand-grillot-copie\/\">Gevrey Chambertin \"Au Vell\u00e9\" Domaine Marchand Grillot<\/a><\/li>\n<li><a href=\"https:\/\/www.caveau-auxey.fr\/en\/product\/beaune-1er-cru-clos-de-mouches-romain-pertuzot\/\">Beaune 1er cru \"Clos de Mouches\" Romain Pertuzot<\/a><\/li>\n<li><a href=\"https:\/\/www.caveau-auxey.fr\/en\/product\/meursault-2016-domaine-potinet-ampeau\/\">Meursault 2016 - Domaine Potinet Ampeau<\/a><\/li>\n<li><a href=\"https:\/\/www.caveau-auxey.fr\/en\/product\/condrieu-les-terrasses-de-lempire-domaine-georges-vernay\/\">Condrieu \"Les Terrasses de l'Empire\" Domaine Georges Vernay<\/a><\/li>\n<li><a href=\"https:\/\/www.caveau-auxey.fr\/en\/product\/pommard-1er-cru-les-pezerolles-domaine-potinet-ampeau\/\">Pommard 1er Cru \" Les P\u00e9zerolles\" Domaine Potinet Ampeau<\/a><\/li>\n<li><a href=\"https:\/\/www.caveau-auxey.fr\/en\/product\/chambolle-musigny-2020-domaine-laurent-roumier\/\">Chambolle- Musigny 2021 - Domaine Laurent Roumier<\/a><\/li>\n<li><a href=\"https:\/\/www.caveau-auxey.fr\/en\/product\/puligny-montrachet-1er-cru-les-referts-domaine-des-terres-de-velle\/\">Puligny Montrachet 1er Cru \"Les Referts\" Domaine des Terres de Velle<\/a><\/li>\n<li><a href=\"https:\/\/www.caveau-auxey.fr\/en\/product\/chassagne-montrachet-1er-cru-morgeot-domaine-capuano-ferreri\/\">Chassagne Montrachet 1er Cru \"Morgeot\" Domaine Capuano-Ferreri<\/a><\/li>\n<li><a href=\"https:\/\/www.caveau-auxey.fr\/en\/product\/corton-rognet-grand-cru-2019-domaine-chevalier\/\">Corton Rognet Grand Cru 2019 - Domaine Chevalier<\/a><\/li>\n<li><a href=\"https:\/\/www.caveau-auxey.fr\/product\/morey-saint-denis-1er-cru-les-faconnieres-domaine-stephane-magnien\/\">Morey Saint Denis 1er Cru \"Les Faconni\u00e8res\" Domaine St\u00e9phane Magnien<\/a><\/li>\n<li><a href=\"https:\/\/www.caveau-auxey.fr\/en\/product\/corton-grand-cru-hautes-mourottes-domaine-dardhuy\/\">Corton Grand Cru \"Hautes Mourottes\"\tDomaine d'Ardhuy<\/a><\/li>\n<li><a href=\"https:\/\/www.caveau-auxey.fr\/product\/corton-le-rognet-grand-cru-domaine-michel-mallard\/\">Corton \"Le Rognet\" Grand Cru  Domaine Michel Mallard<\/a><\/li>\n<li><a href=\"https:\/\/www.caveau-auxey.fr\/en\/product\/clos-saint-denis-grand-cru-2019-domaine-georges-lignier\/\">Clos Saint Denis Grand Cru 2019 - Domaine Georges Lignier<\/a><\/li>\n<li><a href=\"https:\/\/www.caveau-auxey.fr\/product\/corton-charlemagne-domaine-des-terres-de-velle\/\">Corton Charlemagne Domaine des Terres de Velle<\/a><\/li>\n<li><a href=\"https:\/\/www.caveau-auxey.fr\/en\/product\/marc-de-bourgogne-esprit-de-chardonnay-domaine-guillemot-michel\/\">Marc de Bourgogne \"Esprit de Chardonnay\" - Domaine Guillemot-Michel<\/a><\/li>\n<li><a href=\"https:\/\/www.caveau-auxey.fr\/en\/product\/gift-card\/\">Gift card<\/a><\/li>\n<li><a href=\"https:\/\/www.caveau-auxey.fr\/en\/product\/cremant-brut-de-brut-selection-francois-morey-copie\/\">Cr\u00e9mant de Bourgogne Blanc de Noir Domaine Parigot &amp; Richard<\/a><\/li>\n<li><a href=\"https:\/\/www.caveau-auxey.fr\/en\/product\/djinn\/\">Djinn<\/a><\/li>\n<li><a href=\"https:\/\/www.caveau-auxey.fr\/en\/product\/g-delattre\/\">compl\u00e9ment de commande - M . Delattre<\/a><\/li>\n<li><a href=\"https:\/\/www.caveau-auxey.fr\/en\/product\/tastings-for-priscilla-ezequiel\/\">tastings for Priscilla &amp; Ezequiel<\/a><\/li>\n<li><a href=\"https:\/\/www.caveau-auxey.fr\/en\/product\/lot-de-30-cartouches-wikeeps-adaptables-pour-coravin\/\">Boite de 10 cartouches \"Wikeeps\" adaptables pour Coravin<\/a><\/li>\n<li><a href=\"https:\/\/www.caveau-auxey.fr\/en\/product\/etylotest\/\">Etylotest<\/a><\/li>\n<\/ul>\n<\/div>\n<\/div>\n\t\t\t\t\t\t<\/div>\n\t\t\t\t\t<\/div>\n\t\t\t\t<\/div>\n\t\t\t\t<\/div>\n\t\t","protected":false},"excerpt":{"rendered":"","protected":false},"author":71,"featured_media":0,"parent":0,"menu_order":4,"comment_status":"closed","ping_status":"closed","template":"","meta":{"_seopress_robots_primary_cat":"","_seopress_titles_title":"","_seopress_titles_desc":"","_seopress_robots_index":"","footnotes":""},"class_list":["post-18889","page","type-page","status-publish","hentry"],"_links":{"self":[{"href":"https:\/\/www.caveau-auxey.fr\/en\/wp-json\/wp\/v2\/pages\/18889","targetHints":{"allow":["GET"]}}],"collection":[{"href":"https:\/\/www.caveau-auxey.fr\/en\/wp-json\/wp\/v2\/pages"}],"about":[{"href":"https:\/\/www.caveau-auxey.fr\/en\/wp-json\/wp\/v2\/types\/page"}],"author":[{"embeddable":true,"href":"https:\/\/www.caveau-auxey.fr\/en\/wp-json\/wp\/v2\/users\/71"}],"replies":[{"embeddable":true,"href":"https:\/\/www.caveau-auxey.fr\/en\/wp-json\/wp\/v2\/comments?post=18889"}],"version-history":[{"count":0,"href":"https:\/\/www.caveau-auxey.fr\/en\/wp-json\/wp\/v2\/pages\/18889\/revisions"}],"wp:attachment":[{"href":"https:\/\/www.caveau-auxey.fr\/en\/wp-json\/wp\/v2\/media?parent=18889"}],"curies":[{"name":"wp","href":"https:\/\/api.w.org\/{rel}","templated":true}]}}